{"id":13,"date":"2020-12-06T18:05:54","date_gmt":"2020-12-06T17:05:54","guid":{"rendered":"http:\/\/panele.max-mar.com\/?page_id=13"},"modified":"2021-04-01T10:01:39","modified_gmt":"2021-04-01T08:01:39","slug":"start","status":"publish","type":"page","link":"http:\/\/panele.max-mar.com\/","title":{"rendered":"Start"},"content":{"rendered":"<p><div id=\"adk\"><div class=\"fusion-fullwidth fullwidth-box fusion-builder-row-1 nonhundred-percent-fullwidth non-hundred-percent-height-scrolling\"  style='background-color: rgba(255,255,255,0);background-position: center center;background-repeat: no-repeat;padding-top:0px;padding-right:0px;padding-bottom:0px;padding-left:0px;'><div class=\"fusion-builder-row fusion-row \"><div  class=\"fusion-layout-column fusion_builder_column fusion_builder_column_1_1 fusion-builder-column-1 fusion-one-full fusion-column-first fusion-column-last 1_1\"  style='margin-top:3%;margin-bottom:20px;'>\n\t\t\t\t\t<div class=\"fusion-column-wrapper\" style=\"padding: 0px 0px 0px 0px;background-position:left top;background-repeat:no-repeat;-webkit-background-size:cover;-moz-background-size:cover;-o-background-size:cover;background-size:cover;\"   data-bg-url=\"\">\n\t\t\t\t\t\t<style type=\"text\/css\"><\/style><div class=\"fusion-title title fusion-title-1 fusion-sep-none fusion-title-center fusion-title-text fusion-title-size-one\" style=\"margin-top:0px;margin-bottom:31px;\"><h1 class=\"title-heading-center\" style=\"margin:0;\">MAX-MAR &#8211; kompleksowa obs\u0142uga paneli fotowoltaicznych<\/h1><\/div><div class=\"fusion-sep-clear\"><\/div><div class=\"fusion-separator sep-single sep-solid\" style=\"border-color:#ff9800;border-top-width:4px;margin-left: auto;margin-right: auto;margin-top:;margin-bottom:3%;width:100%;max-width:5%;\"><\/div><div class=\"fusion-text fusion-animated\" data-animationType=\"fadeInUp\" data-animationDuration=\"0.3\" data-animationOffset=\"100%\"><h2 style=\"text-align: center;\">Dlaczego warto wybra\u0107 MAX-MAR? Oferujemy profesjonalne doradztwo oraz przejrzyste warunki wsp\u00f3\u0142pracy.\u00a0 Z zaanga\u017cowaniem i dum\u0105 budujemy mark\u0119 b\u0119d\u0105c\u0105 blisko Klienta i proponuj\u0105c\u0105 mu innowacyjne rozwi\u0105zania, skrojone na miar\u0119 jego potrzeb.<\/h2>\n<\/div><div class=\"fusion-sep-clear\"><\/div><div class=\"fusion-separator fusion-full-width-sep sep-none\" style=\"margin-left: auto;margin-right: auto;margin-top:;margin-bottom:3%;\"><\/div><div class=\"imageframe-align-center\"><span style=\"-webkit-box-shadow: 3px 3px 7px rgba(0,0,0,0.3);box-shadow: 3px 3px 7px rgba(0,0,0,0.3);\" class=\"fusion-imageframe imageframe-dropshadow imageframe-1 hover-type-none\"><img loading=\"lazy\" src=\"http:\/\/panele.max-mar.com\/wp-content\/uploads\/2020\/12\/architecture-3379146_1920-1024x768.jpg\" width=\"1024\" height=\"768\" alt=\"\" title=\"architecture-3379146_1920\" class=\"img-responsive wp-image-51\" srcset=\"http:\/\/panele.max-mar.com\/wp-content\/uploads\/2020\/12\/architecture-3379146_1920-200x150.jpg 200w, http:\/\/panele.max-mar.com\/wp-content\/uploads\/2020\/12\/architecture-3379146_1920-400x300.jpg 400w, http:\/\/panele.max-mar.com\/wp-content\/uploads\/2020\/12\/architecture-3379146_1920-600x450.jpg 600w, http:\/\/panele.max-mar.com\/wp-content\/uploads\/2020\/12\/architecture-3379146_1920-800x600.jpg 800w, http:\/\/panele.max-mar.com\/wp-content\/uploads\/2020\/12\/architecture-3379146_1920-1200x900.jpg 1200w, http:\/\/panele.max-mar.com\/wp-content\/uploads\/2020\/12\/architecture-3379146_1920.jpg 1920w\" sizes=\"(max-width: 800px) 100vw, 1024px\" \/><\/span><\/div><div class=\"fusion-clearfix\"><\/div>\n\n\t\t\t\t\t<\/div>\n\t\t\t\t<\/div><\/div><\/div><\/div><div id=\"jak\"><div class=\"fusion-fullwidth fullwidth-box fusion-builder-row-2 hundred-percent-fullwidth non-hundred-percent-height-scrolling\"  style='background-color: rgba(255,255,255,0);background-image:linear-gradient(180deg, rgba(255,255,255,0) 90%,#ffffff 100%);background-position: center center;background-repeat: no-repeat;padding-top:0px;padding-right:0px;padding-bottom:0px;padding-left:0px;margin-top: 5%;'><div class=\"fusion-builder-row fusion-row \"><div  class=\"fusion-layout-column fusion_builder_column fusion_builder_column_1_1 fusion-builder-column-2 fusion-one-full fusion-column-first fusion-column-last 1_1\"  style='margin-top:0px;margin-bottom:20px;'>\n\t\t\t\t\t<div class=\"fusion-column-wrapper\" style=\"padding: 0px 20% 0px 20%;background-position:left top;background-repeat:no-repeat;-webkit-background-size:cover;-moz-background-size:cover;-o-background-size:cover;background-size:cover;\"   data-bg-url=\"\">\n\t\t\t\t\t\t<style type=\"text\/css\"><\/style><div class=\"fusion-title title fusion-title-2 fusion-sep-none fusion-title-center fusion-title-text fusion-title-size-one\" style=\"margin-top:0px;margin-bottom:31px;\"><h1 class=\"title-heading-center\" style=\"margin:0;\">Jak dzia\u0142amy?<\/h1><\/div><div class=\"fusion-sep-clear\"><\/div><div class=\"fusion-separator sep-single sep-solid\" style=\"border-color:#ff9800;border-top-width:4px;margin-left: auto;margin-right: auto;margin-top:;margin-bottom:3%;width:100%;max-width:5%;\"><\/div><div class=\"fusion-builder-row fusion-builder-row-inner fusion-row \"><div  class=\"fusion-layout-column fusion_builder_column fusion_builder_column_1_2  fusion-one-half fusion-column-first 1_2\"  style='margin-top: 0px;margin-bottom: 20px;width:50%;width:calc(50% - ( ( 4% ) * 0.5 ) );margin-right:4%;'><div class=\"fusion-column-wrapper fusion-column-wrapper-1\" style=\"padding: 0px 0px 0px 0px;background-position:left top;background-repeat:no-repeat;-webkit-background-size:cover;-moz-background-size:cover;-o-background-size:cover;background-size:cover;\"  data-bg-url=\"\"><style type=\"text\/css\">@media only screen and (max-width:800px) {.fusion-title.fusion-title-3{margin-top:0px!important;margin-bottom:0px!important;}}<\/style><div class=\"fusion-title title fusion-title-3 fusion-sep-none fusion-title-center fusion-title-text fusion-title-size-five\" style=\"margin-top:0px;margin-bottom:0px;\"><h5 class=\"title-heading-center\" style=\"margin:0;\"><p style=\"text-align: center;\"><span style=\"color: #ff9900;\"><strong>ETAP 1<\/strong><\/span><\/p><\/h5><\/div><style type=\"text\/css\"><\/style><div class=\"fusion-title title fusion-title-4 fusion-sep-none fusion-title-center fusion-title-text fusion-title-size-three\" style=\"margin-top:0px;margin-bottom:31px;\"><h3 class=\"title-heading-center\" style=\"margin:0;\">Wst\u0119pny kontakt<\/h3><\/div><div class=\"imageframe-align-center\"><span class=\"fusion-imageframe imageframe-none imageframe-2 hover-type-zoomin\"><img loading=\"lazy\" src=\"http:\/\/panele.max-mar.com\/wp-content\/uploads\/2020\/12\/idea-2654148_640-300x200.jpg\" width=\"300\" height=\"200\" alt=\"\" title=\"idea-2654148_640\" class=\"img-responsive wp-image-39\" srcset=\"http:\/\/panele.max-mar.com\/wp-content\/uploads\/2020\/12\/idea-2654148_640-200x133.jpg 200w, http:\/\/panele.max-mar.com\/wp-content\/uploads\/2020\/12\/idea-2654148_640-400x266.jpg 400w, http:\/\/panele.max-mar.com\/wp-content\/uploads\/2020\/12\/idea-2654148_640-600x399.jpg 600w, http:\/\/panele.max-mar.com\/wp-content\/uploads\/2020\/12\/idea-2654148_640.jpg 640w\" sizes=\"(max-width: 800px) 100vw, 300px\" \/><\/span><\/div><div class=\"fusion-sep-clear\"><\/div><div class=\"fusion-separator fusion-full-width-sep sep-none\" style=\"margin-left: auto;margin-right: auto;margin-top:5%;\"><\/div><div class=\"fusion-text\"><p style=\"text-align: center;\">Pozwala na ustalenie terminu ogl\u0119dzin, kt\u00f3re b\u0119d\u0105 podstaw\u0105 do zaprojektowania dekowanej instalacji fotowoltaicznej.<\/p>\n<\/div><\/div><\/div><div  class=\"fusion-layout-column fusion_builder_column fusion_builder_column_1_2  fusion-one-half fusion-column-last 1_2\"  style='margin-top: 0px;margin-bottom: 20px;width:50%;width:calc(50% - ( ( 4% ) * 0.5 ) );'><div class=\"fusion-column-wrapper fusion-column-wrapper-2\" style=\"padding: 0px 0px 0px 0px;background-position:left top;background-repeat:no-repeat;-webkit-background-size:cover;-moz-background-size:cover;-o-background-size:cover;background-size:cover;\"  data-bg-url=\"\"><style type=\"text\/css\">@media only screen and (max-width:800px) {.fusion-title.fusion-title-5{margin-top:0px!important;margin-bottom:0px!important;}}<\/style><div class=\"fusion-title title fusion-title-5 fusion-sep-none fusion-title-center fusion-title-text fusion-title-size-five\" style=\"margin-top:0px;margin-bottom:0px;\"><h5 class=\"title-heading-center\" style=\"margin:0;\"><p style=\"text-align: center;\"><span style=\"color: #ff9900;\"><strong>ETAP 2<\/strong><\/span><\/p><\/h5><\/div><style type=\"text\/css\"><\/style><div class=\"fusion-title title fusion-title-6 fusion-sep-none fusion-title-center fusion-title-text fusion-title-size-three\" style=\"margin-top:0px;margin-bottom:31px;\"><h3 class=\"title-heading-center\" style=\"margin:0;\">Wizja lokalna<\/h3><\/div><div class=\"imageframe-align-center\"><span class=\"fusion-imageframe imageframe-none imageframe-3 hover-type-zoomin\"><img loading=\"lazy\" src=\"http:\/\/panele.max-mar.com\/wp-content\/uploads\/2020\/12\/cottage-768889_640-300x198.jpg\" width=\"300\" height=\"198\" alt=\"\" title=\"cottage-768889_640\" class=\"img-responsive wp-image-68\" srcset=\"http:\/\/panele.max-mar.com\/wp-content\/uploads\/2020\/12\/cottage-768889_640-200x132.jpg 200w, http:\/\/panele.max-mar.com\/wp-content\/uploads\/2020\/12\/cottage-768889_640-400x264.jpg 400w, http:\/\/panele.max-mar.com\/wp-content\/uploads\/2020\/12\/cottage-768889_640-600x397.jpg 600w, http:\/\/panele.max-mar.com\/wp-content\/uploads\/2020\/12\/cottage-768889_640.jpg 640w\" sizes=\"(max-width: 800px) 100vw, 300px\" \/><\/span><\/div><div class=\"fusion-sep-clear\"><\/div><div class=\"fusion-separator fusion-full-width-sep sep-none\" style=\"margin-left: auto;margin-right: auto;margin-top:5%;\"><\/div><div class=\"fusion-text\"><p style=\"text-align: center;\">Zmierzenie u klienta przestrzeni pod panele fotowoltaiczne oraz okre\u015blenie mo\u017cliwo\u015bci pod uk\u0142ad elektryczny mikro-instalacji.<\/p>\n<\/div><\/div><\/div><\/div><div class=\"fusion-builder-row fusion-builder-row-inner fusion-row \"><div  class=\"fusion-layout-column fusion_builder_column fusion_builder_column_1_2  fusion-one-half fusion-column-first 1_2\"  style='margin-top: 0px;margin-bottom: 20px;width:50%;width:calc(50% - ( ( 4% ) * 0.5 ) );margin-right:4%;'><div class=\"fusion-column-wrapper fusion-column-wrapper-3\" style=\"padding: 0px 0px 0px 0px;background-position:left top;background-repeat:no-repeat;-webkit-background-size:cover;-moz-background-size:cover;-o-background-size:cover;background-size:cover;\"  data-bg-url=\"\"><style type=\"text\/css\">@media only screen and (max-width:800px) {.fusion-title.fusion-title-7{margin-top:0px!important;margin-bottom:0px!important;}}<\/style><div class=\"fusion-title title fusion-title-7 fusion-sep-none fusion-title-center fusion-title-text fusion-title-size-five\" style=\"margin-top:0px;margin-bottom:0px;\"><h5 class=\"title-heading-center\" style=\"margin:0;\"><p style=\"text-align: center;\"><span style=\"color: #ff9900;\"><strong>ETAP 3<\/strong><\/span><\/p><\/h5><\/div><style type=\"text\/css\"><\/style><div class=\"fusion-title title fusion-title-8 fusion-sep-none fusion-title-center fusion-title-text fusion-title-size-three\" style=\"margin-top:0px;margin-bottom:31px;\"><h3 class=\"title-heading-center\" style=\"margin:0;\">Przygotowanie i om\u00f3wienie oferty<\/h3><\/div><div class=\"imageframe-align-center\"><span class=\"fusion-imageframe imageframe-none imageframe-4 hover-type-zoomin\"><img loading=\"lazy\" src=\"http:\/\/panele.max-mar.com\/wp-content\/uploads\/2020\/12\/paper-3225109_640-300x200.jpg\" width=\"300\" height=\"200\" alt=\"\" title=\"paper-3225109_640\" class=\"img-responsive wp-image-74\" srcset=\"http:\/\/panele.max-mar.com\/wp-content\/uploads\/2020\/12\/paper-3225109_640-200x133.jpg 200w, http:\/\/panele.max-mar.com\/wp-content\/uploads\/2020\/12\/paper-3225109_640-400x266.jpg 400w, http:\/\/panele.max-mar.com\/wp-content\/uploads\/2020\/12\/paper-3225109_640-600x399.jpg 600w, http:\/\/panele.max-mar.com\/wp-content\/uploads\/2020\/12\/paper-3225109_640.jpg 640w\" sizes=\"(max-width: 800px) 100vw, 300px\" \/><\/span><\/div><div class=\"fusion-sep-clear\"><\/div><div class=\"fusion-separator fusion-full-width-sep sep-none\" style=\"margin-left: auto;margin-right: auto;margin-top:5%;\"><\/div><div class=\"fusion-text\"><p style=\"text-align: center;\">Przes\u0142anie oferty, kt\u00f3ra b\u0119dzie zawiera\u0142a specyfikacje techniczn\u0105 mikro-instalacji, kosztorys wszystkich etap\u00f3w inwestycji oraz mo\u017cliwy termin monta\u017cu.<\/p>\n<\/div><\/div><\/div><div  class=\"fusion-layout-column fusion_builder_column fusion_builder_column_1_2  fusion-one-half fusion-column-last 1_2\"  style='margin-top: 0px;margin-bottom: 20px;width:50%;width:calc(50% - ( ( 4% ) * 0.5 ) );'><div class=\"fusion-column-wrapper fusion-column-wrapper-4\" style=\"padding: 0px 0px 0px 0px;background-position:left top;background-repeat:no-repeat;-webkit-background-size:cover;-moz-background-size:cover;-o-background-size:cover;background-size:cover;\"  data-bg-url=\"\"><style type=\"text\/css\">@media only screen and (max-width:800px) {.fusion-title.fusion-title-9{margin-top:0px!important;margin-bottom:0px!important;}}<\/style><div class=\"fusion-title title fusion-title-9 fusion-sep-none fusion-title-center fusion-title-text fusion-title-size-five\" style=\"margin-top:0px;margin-bottom:0px;\"><h5 class=\"title-heading-center\" style=\"margin:0;\"><p style=\"text-align: center;\"><span style=\"color: #ff9900;\"><strong>ETAP 4<\/strong><\/span><\/p><\/h5><\/div><style type=\"text\/css\"><\/style><div class=\"fusion-title title fusion-title-10 fusion-sep-none fusion-title-center fusion-title-text fusion-title-size-three\" style=\"margin-top:0px;margin-bottom:31px;\"><h3 class=\"title-heading-center\" style=\"margin:0;\">Podpisanie umowy<\/h3><\/div><div class=\"imageframe-align-center\"><span class=\"fusion-imageframe imageframe-none imageframe-5 hover-type-zoomin\"><img loading=\"lazy\" src=\"http:\/\/panele.max-mar.com\/wp-content\/uploads\/2020\/12\/man-5710164_640-300x200.jpg\" width=\"300\" height=\"200\" alt=\"\" title=\"man-5710164_640\" class=\"img-responsive wp-image-76\" srcset=\"http:\/\/panele.max-mar.com\/wp-content\/uploads\/2020\/12\/man-5710164_640-200x133.jpg 200w, http:\/\/panele.max-mar.com\/wp-content\/uploads\/2020\/12\/man-5710164_640-400x267.jpg 400w, http:\/\/panele.max-mar.com\/wp-content\/uploads\/2020\/12\/man-5710164_640-600x400.jpg 600w, http:\/\/panele.max-mar.com\/wp-content\/uploads\/2020\/12\/man-5710164_640.jpg 640w\" sizes=\"(max-width: 800px) 100vw, 300px\" \/><\/span><\/div><div class=\"fusion-sep-clear\"><\/div><div class=\"fusion-separator fusion-full-width-sep sep-none\" style=\"margin-left: auto;margin-right: auto;margin-top:5%;\"><\/div><div class=\"fusion-text\"><p style=\"text-align: center;\">W przypadku akceptacji oferty nast\u0119puje\u00a0podpisanie umowy na dostarczenie i monta\u017c. Podpisane umowa zabezpiecza obie strony na terminowe wykonanie mikro-instalacji.<\/p>\n<\/div><\/div><\/div><\/div><div class=\"fusion-builder-row fusion-builder-row-inner fusion-row \"><div  class=\"fusion-layout-column fusion_builder_column fusion_builder_column_1_2  fusion-one-half fusion-column-first 1_2\"  style='margin-top: 0px;margin-bottom: 20px;width:50%;width:calc(50% - ( ( 4% ) * 0.5 ) );margin-right:4%;'><div class=\"fusion-column-wrapper fusion-column-wrapper-5\" style=\"padding: 0px 0px 0px 0px;background-position:left top;background-repeat:no-repeat;-webkit-background-size:cover;-moz-background-size:cover;-o-background-size:cover;background-size:cover;\"  data-bg-url=\"\"><style type=\"text\/css\">@media only screen and (max-width:800px) {.fusion-title.fusion-title-11{margin-top:0px!important;margin-bottom:0px!important;}}<\/style><div class=\"fusion-title title fusion-title-11 fusion-sep-none fusion-title-center fusion-title-text fusion-title-size-five\" style=\"margin-top:0px;margin-bottom:0px;\"><h5 class=\"title-heading-center\" style=\"margin:0;\"><p style=\"text-align: center;\"><span style=\"color: #ff9900;\"><strong>ETAP 5<\/strong><\/span><\/p><\/h5><\/div><style type=\"text\/css\"><\/style><div class=\"fusion-title title fusion-title-12 fusion-sep-none fusion-title-center fusion-title-text fusion-title-size-three\" style=\"margin-top:0px;margin-bottom:31px;\"><h3 class=\"title-heading-center\" style=\"margin:0;\">Monta\u017c instalacji<\/h3><\/div><div class=\"imageframe-align-center\"><span class=\"fusion-imageframe imageframe-none imageframe-6 hover-type-zoomin\"><img loading=\"lazy\" src=\"http:\/\/panele.max-mar.com\/wp-content\/uploads\/2020\/12\/solar-panels-943999_640-300x225.jpg\" width=\"300\" height=\"225\" alt=\"\" title=\"solar-panels-943999_640\" class=\"img-responsive wp-image-78\" srcset=\"http:\/\/panele.max-mar.com\/wp-content\/uploads\/2020\/12\/solar-panels-943999_640-200x150.jpg 200w, http:\/\/panele.max-mar.com\/wp-content\/uploads\/2020\/12\/solar-panels-943999_640-400x300.jpg 400w, http:\/\/panele.max-mar.com\/wp-content\/uploads\/2020\/12\/solar-panels-943999_640-600x450.jpg 600w, http:\/\/panele.max-mar.com\/wp-content\/uploads\/2020\/12\/solar-panels-943999_640.jpg 640w\" sizes=\"(max-width: 800px) 100vw, 300px\" \/><\/span><\/div><div class=\"fusion-sep-clear\"><\/div><div class=\"fusion-separator fusion-full-width-sep sep-none\" style=\"margin-left: auto;margin-right: auto;margin-top:5%;\"><\/div><div class=\"fusion-text\"><p style=\"text-align: center;\">Trwa do kilku dni.\u00a0 Jego czas zale\u017cny od wielko\u015bci instalacji, posadowienia paneli i mo\u017cliwo\u015bci instalacji inwertera. Jego podsumowaniem jest przekazanie protoko\u0142u odbioru oraz dokumentacji powykonawczej.<\/p>\n<\/div><\/div><\/div><div  class=\"fusion-layout-column fusion_builder_column fusion_builder_column_1_2  fusion-one-half fusion-column-last 1_2\"  style='margin-top: 0px;margin-bottom: 20px;width:50%;width:calc(50% - ( ( 4% ) * 0.5 ) );'><div class=\"fusion-column-wrapper fusion-column-wrapper-6\" style=\"padding: 0px 0px 0px 0px;background-position:left top;background-repeat:no-repeat;-webkit-background-size:cover;-moz-background-size:cover;-o-background-size:cover;background-size:cover;\"  data-bg-url=\"\"><style type=\"text\/css\">@media only screen and (max-width:800px) {.fusion-title.fusion-title-13{margin-top:0px!important;margin-bottom:0px!important;}}<\/style><div class=\"fusion-title title fusion-title-13 fusion-sep-none fusion-title-center fusion-title-text fusion-title-size-five\" style=\"margin-top:0px;margin-bottom:0px;\"><h5 class=\"title-heading-center\" style=\"margin:0;\"><p style=\"text-align: center;\"><span style=\"color: #ff9900;\"><strong>ETAP 6<\/strong><\/span><\/p><\/h5><\/div><style type=\"text\/css\"><\/style><div class=\"fusion-title title fusion-title-14 fusion-sep-none fusion-title-center fusion-title-text fusion-title-size-three\" style=\"margin-top:0px;margin-bottom:31px;\"><h3 class=\"title-heading-center\" style=\"margin:0;\">Zg\u0142oszenie przy\u0142\u0105czenia instalacji<\/h3><\/div><div class=\"imageframe-align-center\"><span class=\"fusion-imageframe imageframe-none imageframe-7 hover-type-zoomin\"><img loading=\"lazy\" src=\"http:\/\/panele.max-mar.com\/wp-content\/uploads\/2020\/12\/energy-certificate-428300_640-300x199.jpg\" width=\"300\" height=\"199\" alt=\"\" title=\"energy-certificate-428300_640\" class=\"img-responsive wp-image-81\" srcset=\"http:\/\/panele.max-mar.com\/wp-content\/uploads\/2020\/12\/energy-certificate-428300_640-200x133.jpg 200w, http:\/\/panele.max-mar.com\/wp-content\/uploads\/2020\/12\/energy-certificate-428300_640-400x266.jpg 400w, http:\/\/panele.max-mar.com\/wp-content\/uploads\/2020\/12\/energy-certificate-428300_640-600x398.jpg 600w, http:\/\/panele.max-mar.com\/wp-content\/uploads\/2020\/12\/energy-certificate-428300_640.jpg 640w\" sizes=\"(max-width: 800px) 100vw, 300px\" \/><\/span><\/div><div class=\"fusion-sep-clear\"><\/div><div class=\"fusion-separator fusion-full-width-sep sep-none\" style=\"margin-left: auto;margin-right: auto;margin-top:5%;\"><\/div><div class=\"fusion-text\"><p style=\"text-align: center;\">Ko\u0144cowym etapem jest\u00a0zg\u0142oszenie instalacji do operatora. Instalator powinien wype\u0142ni\u0107 oraz przekaza\u0107 Pa\u0144stwu zg\u0142oszenie instalacji do u\u017cytkowania, tzw. dokument ZM. Zg\u0142oszenia dokonuje inwestor lub na jego \u017cyczenie mo\u017ce si\u0119 tym zaj\u0105\u0107 instalator.<\/p>\n<\/div><\/div><\/div><\/div><div class=\"fusion-clearfix\"><\/div>\n\n\t\t\t\t\t<\/div>\n\t\t\t\t<\/div><\/div><\/div><\/div><div id=\"kontakt\"><div class=\"fusion-fullwidth fullwidth-box fusion-builder-row-3 nonhundred-percent-fullwidth non-hundred-percent-height-scrolling\"  style='background-color: #496773;background-position: center center;background-repeat: no-repeat;padding-top:2%;padding-right:0px;padding-bottom:0px;padding-left:0px;margin-bottom: 0px;'><div class=\"fusion-builder-row fusion-row \"><div  class=\"fusion-layout-column fusion_builder_column fusion_builder_column_1_2 fusion-builder-column-3 fusion-one-half fusion-column-first 1_2\"  style='margin-top:3%;margin-bottom:20px;width:50%;width:calc(50% - ( ( 4% ) * 0.5 ) );margin-right: 4%;'>\n\t\t\t\t\t<div class=\"fusion-column-wrapper\" style=\"padding: 0px 5% 0px 0px;background-position:left top;background-repeat:no-repeat;-webkit-background-size:cover;-moz-background-size:cover;-o-background-size:cover;background-size:cover;\"   data-bg-url=\"\">\n\t\t\t\t\t\t<style type=\"text\/css\"><\/style><div class=\"fusion-title title fusion-title-15 fusion-sep-none fusion-title-text fusion-title-size-two\" style=\"margin-top:0px;margin-bottom:31px;\"><h2 class=\"title-heading-left\" style=\"margin:0;\"><span style=\"background-color: #ff9800; border: none; color: white; padding: 15px 32px;\">Formularz kontaktowy<\/span><\/h2><\/div><div role=\"form\" class=\"wpcf7\" id=\"wpcf7-f5-o1\" lang=\"pl-PL\" dir=\"ltr\">\n<div class=\"screen-reader-response\"><p role=\"status\" aria-live=\"polite\" aria-atomic=\"true\"><\/p> <ul><\/ul><\/div>\n<form action=\"\/index.php\/wp-json\/wp\/v2\/pages\/13#wpcf7-f5-o1\" method=\"post\" class=\"wpcf7-form init\" novalidate=\"novalidate\" data-status=\"init\">\n<div style=\"display: none;\">\n<input type=\"hidden\" name=\"_wpcf7\" value=\"5\" \/>\n<input type=\"hidden\" name=\"_wpcf7_version\" value=\"5.3\" \/>\n<input type=\"hidden\" name=\"_wpcf7_locale\" value=\"pl_PL\" \/>\n<input type=\"hidden\" name=\"_wpcf7_unit_tag\" value=\"wpcf7-f5-o1\" \/>\n<input type=\"hidden\" name=\"_wpcf7_container_post\" value=\"0\" \/>\n<input type=\"hidden\" name=\"_wpcf7_posted_data_hash\" value=\"\" \/>\n<\/div>\n<div style=\"color: white\"><label> Imi\u0119 (wymagane)<br \/>\n    <span class=\"wpcf7-form-control-wrap your-name\"><input type=\"text\" name=\"your-name\" value=\"\" size=\"40\" class=\"wpcf7-form-control wpcf7-text wpcf7-validates-as-required\" aria-required=\"true\" aria-invalid=\"false\" \/><\/span> <\/label><\/p>\n<p><label> Email (wymagane)<br \/>\n    <span class=\"wpcf7-form-control-wrap your-email\"><input type=\"email\" name=\"your-email\" value=\"\" size=\"40\" class=\"wpcf7-form-control wpcf7-text wpcf7-email wpcf7-validates-as-required wpcf7-validates-as-email\" aria-required=\"true\" aria-invalid=\"false\" \/><\/span> <\/label><\/p>\n<p><label> Wiadomo\u015b\u0107<br \/>\n    <span class=\"wpcf7-form-control-wrap your-message\"><textarea name=\"your-message\" cols=\"40\" rows=\"10\" class=\"wpcf7-form-control wpcf7-textarea\" aria-invalid=\"false\"><\/textarea><\/span> <\/label><\/p>\n<p><span class=\"wpcf7-form-control-wrap acceptance-545\"><span class=\"wpcf7-form-control wpcf7-acceptance\"><span class=\"wpcf7-list-item\"><label><input type=\"checkbox\" name=\"acceptance-545\" value=\"1\" aria-invalid=\"false\" \/><span class=\"wpcf7-list-item-label\">Wyra\u017cam zgod\u0119 (wymagane)<\/span><\/label><\/span><\/span><\/span><\/p>\n<p><input type=\"submit\" value=\"Wy\u015blij\" class=\"wpcf7-form-control wpcf7-submit\" \/><\/p><\/div>\n<div class=\"fusion-alert alert custom alert-custom fusion-alert-center wpcf7-response-output fusion-alert-capitalize alert-dismissable\" style=\"border-width:1px;\"><button type=\"button\" class=\"close toggle-alert\" data-dismiss=\"alert\" aria-hidden=\"true\">&times;<\/button><div class=\"fusion-alert-content-wrapper\"><span class=\"fusion-alert-content\"><\/span><\/div><\/div><\/form><\/div><div class=\"fusion-clearfix\"><\/div>\n\n\t\t\t\t\t<\/div>\n\t\t\t\t<\/div><div  class=\"fusion-layout-column fusion_builder_column fusion_builder_column_1_2 fusion-builder-column-4 fusion-one-half fusion-column-last 1_2\"  style='margin-top:3%;margin-bottom:20px;width:50%;width:calc(50% - ( ( 4% ) * 0.5 ) );'>\n\t\t\t\t\t<div class=\"fusion-column-wrapper\" style=\"padding: 0px 0px 0px 0px;background-position:left top;background-repeat:no-repeat;-webkit-background-size:cover;-moz-background-size:cover;-o-background-size:cover;background-size:cover;\"   data-bg-url=\"\">\n\t\t\t\t\t\t<style type=\"text\/css\"><\/style><div class=\"fusion-title title fusion-title-16 fusion-sep-none fusion-title-text fusion-title-size-two\" style=\"margin-top:0px;margin-bottom:31px;\"><h2 class=\"title-heading-left\" style=\"margin:0;\"><span style=\"background-color: #ff9800; border: none; color: white; padding: 15px 32px;\">Nasz adres<\/span><\/h2><\/div><div class=\"fusion-text\"><p><span style=\"color: #ffffff;\">MAX-MAR Marcin Burzy\u0144ski<\/span><\/p>\n<p><span style=\"color: #ffffff;\">Wojska Polskiego 190<\/span><\/p>\n<p><span style=\"color: #ffffff;\">91-726 \u0141\u00f3d\u017a<\/span><\/p>\n<p><span style=\"color: #ffffff;\">NIP 7282276017<\/span><\/p>\n<p><span style=\"color: #ffffff;\">Tel: 735 969 728<\/span><\/p>\n<p><span style=\"color: #ffffff;\">Mail: <a style=\"color: #ffffff;\" href=\"mailto:marcin.burzynski@max-mar.com\">marcin.burzynski@max-mar.com<\/a><\/span><\/p>\n<\/div><div class=\"fusion-clearfix\"><\/div>\n\n\t\t\t\t\t<\/div>\n\t\t\t\t<\/div><\/div><\/div><\/div><\/p>\n","protected":false},"excerpt":{"rendered":"","protected":false},"author":1,"featured_media":0,"parent":0,"menu_order":0,"comment_status":"closed","ping_status":"closed","template":"100-width.php","meta":[],"_links":{"self":[{"href":"http:\/\/panele.max-mar.com\/index.php\/wp-json\/wp\/v2\/pages\/13"}],"collection":[{"href":"http:\/\/panele.max-mar.com\/index.php\/wp-json\/wp\/v2\/pages"}],"about":[{"href":"http:\/\/panele.max-mar.com\/index.php\/wp-json\/wp\/v2\/types\/page"}],"author":[{"embeddable":true,"href":"http:\/\/panele.max-mar.com\/index.php\/wp-json\/wp\/v2\/users\/1"}],"replies":[{"embeddable":true,"href":"http:\/\/panele.max-mar.com\/index.php\/wp-json\/wp\/v2\/comments?post=13"}],"version-history":[{"count":88,"href":"http:\/\/panele.max-mar.com\/index.php\/wp-json\/wp\/v2\/pages\/13\/revisions"}],"predecessor-version":[{"id":120,"href":"http:\/\/panele.max-mar.com\/index.php\/wp-json\/wp\/v2\/pages\/13\/revisions\/120"}],"wp:attachment":[{"href":"http:\/\/panele.max-mar.com\/index.php\/wp-json\/wp\/v2\/media?parent=13"}],"curies":[{"name":"wp","href":"https:\/\/api.w.org\/{rel}","templated":true}]}}